{"id":1271,"date":"2024-11-04T12:19:30","date_gmt":"2024-11-04T12:19:30","guid":{"rendered":"https:\/\/dinnersmate.com\/pautas-de-seguridad\/"},"modified":"2026-02-07T00:21:11","modified_gmt":"2026-02-07T00:21:11","slug":"pautas-de-seguridad","status":"publish","type":"page","link":"https:\/\/dinnersmate.com\/es\/pautas-de-seguridad\/","title":{"rendered":"Pautas de seguridad"},"content":{"rendered":"\t\t<div data-elementor-type=\"wp-page\" data-elementor-id=\"1271\" class=\"elementor elementor-1271 elementor-835\" data-elementor-post-type=\"page\">\n\t\t\t\t<div class=\"elementor-element elementor-element-baabee2 e-flex e-con-boxed jltma-glass-effect-no e-con e-parent\" data-id=\"baabee2\" data-element_type=\"container\" data-e-type=\"container\" data-settings=\"{&quot;background_background&quot;:&quot;classic&quot;}\">\n\t\t\t\t\t<div class=\"e-con-inner\">\n\t\t\t\t<div class=\"elementor-element elementor-element-9531316 jltma-glass-effect-no elementor-invisible elementor-widget elementor-widget-heading\" data-id=\"9531316\" data-element_type=\"widget\" data-e-type=\"widget\" data-settings=\"{&quot;_animation&quot;:&quot;fadeIn&quot;}\" data-widget_type=\"heading.default\">\n\t\t\t\t<div class=\"elementor-widget-container\">\n\t\t\t\t\t<h2 class=\"elementor-heading-title elementor-size-default\">Pautas de seguridad<\/h2>\t\t\t\t<\/div>\n\t\t\t\t<\/div>\n\t\t\t\t<div class=\"elementor-element elementor-element-69e8168 animated-slow jltma-glass-effect-no elementor-invisible elementor-widget elementor-widget-image\" data-id=\"69e8168\" data-element_type=\"widget\" data-e-type=\"widget\" data-settings=\"{&quot;motion_fx_motion_fx_mouse&quot;:&quot;yes&quot;,&quot;motion_fx_mouseTrack_effect&quot;:&quot;yes&quot;,&quot;motion_fx_mouseTrack_speed&quot;:{&quot;unit&quot;:&quot;px&quot;,&quot;size&quot;:0.1,&quot;sizes&quot;:[]},&quot;_animation&quot;:&quot;fadeIn&quot;}\" data-widget_type=\"image.default\">\n\t\t\t\t<div class=\"elementor-widget-container\">\n\t\t\t\t\t\t\t\t\t\t\t\t\t\t\t<img decoding=\"async\" width=\"200\" height=\"200\" src=\"https:\/\/dinnersmate.com\/wp-content\/uploads\/2024\/10\/54414-200.png\" class=\"attachment-full size-full wp-image-478\" alt=\"\" srcset=\"https:\/\/dinnersmate.com\/wp-content\/uploads\/2024\/10\/54414-200.png 200w, https:\/\/dinnersmate.com\/wp-content\/uploads\/2024\/10\/54414-200-150x150.png 150w, https:\/\/dinnersmate.com\/wp-content\/uploads\/2024\/10\/54414-200-75x75.png 75w\" sizes=\"(max-width:767px) 200px, 200px\" \/>\t\t\t\t\t\t\t\t\t\t\t\t\t\t\t<\/div>\n\t\t\t\t<\/div>\n\t\t\t\t\t<\/div>\n\t\t\t\t<\/div>\n\t\t<div class=\"elementor-element elementor-element-4e2c3dc e-flex e-con-boxed jltma-glass-effect-no e-con e-parent\" data-id=\"4e2c3dc\" data-element_type=\"container\" data-e-type=\"container\" id=\"sobre\" data-settings=\"{&quot;background_background&quot;:&quot;classic&quot;}\">\n\t\t\t\t\t<div class=\"e-con-inner\">\n\t\t\t\t<div class=\"elementor-element elementor-element-03fd122 elementor-widget-mobile__width-inherit jltma-glass-effect-no elementor-invisible elementor-widget elementor-widget-text-editor\" data-id=\"03fd122\" data-element_type=\"widget\" data-e-type=\"widget\" data-settings=\"{&quot;_animation&quot;:&quot;fadeIn&quot;}\" data-widget_type=\"text-editor.default\">\n\t\t\t\t<div class=\"elementor-widget-container\">\n\t\t\t\t\t\t\t\t\t<p><strong>La seguridad y el bienestar de nuestros usuarios son prioridades absolutas en DinnersMate. Estas directrices est\u00e1n dise\u00f1adas para garantizar que todos disfruten de una experiencia segura, c\u00f3moda e inolvidable. Pedimos que cada participante tenga en cuenta las siguientes recomendaciones cuando asista a eventos.  <\/strong><\/p><p> <\/p><ul><li>Lugares de reuni\u00f3n seguros<\/li><\/ul><p>Todos los eventos de DinnersMate tienen lugar en locales p\u00fablicos de confianza que han sido cuidadosamente seleccionados para ofrecer un entorno seguro y acogedor. Los restaurantes asociados son rigurosamente evaluados para garantizar la seguridad alimentaria y la comodidad de los participantes. <\/p><ul><li>Protecci\u00f3n de datos personales<\/li><\/ul><p>Evita compartir informaci\u00f3n personal sensible, como direcciones, datos financieros o de contacto directo, con otros participantes. Mantenemos un sistema de seguridad para proteger los datos de los usuarios y fomentamos la discreci\u00f3n a la hora de compartir datos personales. <\/p><ul><li>Respeto y Cordialidad<\/li><\/ul><p>Se espera que todos los usuarios mantengan el respeto y adopten una actitud cordial y amistosa. Si encuentras un comportamiento inadecuado, por favor, informa de ello a nuestro equipo para que podamos actuar en consecuencia y garantizar una experiencia segura para todos. <\/p><ul><li>Comentarios y apoyo<\/li><\/ul><p>Despu\u00e9s del evento, animamos a todos los usuarios a compartir sus comentarios, incluyendo cualquier preocupaci\u00f3n o sugerencia. Estamos aqu\u00ed para garantizar que cada cena DinnersMate sea una experiencia segura y gratificante. <\/p><ul><li>Responsabilidad personal<\/li><\/ul><p>Recuerda que cada participante es responsable de su seguridad personal. Si en alg\u00fan momento te sientes inc\u00f3modo, no dudes en comunic\u00e1rselo a nuestro equipo o retirarte de la situaci\u00f3n. Queremos que disfrutes de la experiencia plenamente y con seguridad.  <\/p>\t\t\t\t\t\t\t\t<\/div>\n\t\t\t\t<\/div>\n\t\t\t\t\t<\/div>\n\t\t\t\t<\/div>\n\t\t\t\t<\/div>\n\t\t","protected":false},"excerpt":{"rendered":"<p>La seguridad y el bienestar de nuestros usuarios son prioridades absolutas en DinnersMate. Estas directrices est\u00e1n dise\u00f1adas para garantizar que todos disfruten de una experiencia segura,<span class=\"excerpt-hellip\"> [\u2026]<\/span><\/p>\n","protected":false},"author":1,"featured_media":0,"parent":0,"menu_order":0,"comment_status":"open","ping_status":"closed","template":"","meta":{"footnotes":""},"class_list":["post-1271","page","type-page","status-publish","hentry"],"_links":{"self":[{"href":"https:\/\/dinnersmate.com\/es\/wp-json\/wp\/v2\/pages\/1271","targetHints":{"allow":["GET"]}}],"collection":[{"href":"https:\/\/dinnersmate.com\/es\/wp-json\/wp\/v2\/pages"}],"about":[{"href":"https:\/\/dinnersmate.com\/es\/wp-json\/wp\/v2\/types\/page"}],"author":[{"embeddable":true,"href":"https:\/\/dinnersmate.com\/es\/wp-json\/wp\/v2\/users\/1"}],"replies":[{"embeddable":true,"href":"https:\/\/dinnersmate.com\/es\/wp-json\/wp\/v2\/comments?post=1271"}],"version-history":[{"count":3,"href":"https:\/\/dinnersmate.com\/es\/wp-json\/wp\/v2\/pages\/1271\/revisions"}],"predecessor-version":[{"id":1274,"href":"https:\/\/dinnersmate.com\/es\/wp-json\/wp\/v2\/pages\/1271\/revisions\/1274"}],"wp:attachment":[{"href":"https:\/\/dinnersmate.com\/es\/wp-json\/wp\/v2\/media?parent=1271"}],"curies":[{"name":"wp","href":"https:\/\/api.w.org\/{rel}","templated":true}]}}