{"id":1269,"date":"2024-11-04T12:08:41","date_gmt":"2024-11-04T12:08:41","guid":{"rendered":"https:\/\/dinnersmate.com\/politica-de-privacidad\/"},"modified":"2026-02-07T00:21:08","modified_gmt":"2026-02-07T00:21:08","slug":"politica-de-privacidad","status":"publish","type":"page","link":"https:\/\/dinnersmate.com\/es\/politica-de-privacidad\/","title":{"rendered":"Pol\u00edtica de privacidad"},"content":{"rendered":"\t\t<div data-elementor-type=\"wp-page\" data-elementor-id=\"1269\" class=\"elementor elementor-1269 elementor-813\" data-elementor-post-type=\"page\">\n\t\t\t\t<div class=\"elementor-element elementor-element-baabee2 e-flex e-con-boxed jltma-glass-effect-no e-con e-parent\" data-id=\"baabee2\" data-element_type=\"container\" data-e-type=\"container\" data-settings=\"{&quot;background_background&quot;:&quot;classic&quot;}\">\n\t\t\t\t\t<div class=\"e-con-inner\">\n\t\t\t\t<div class=\"elementor-element elementor-element-9531316 jltma-glass-effect-no elementor-invisible elementor-widget elementor-widget-heading\" data-id=\"9531316\" data-element_type=\"widget\" data-e-type=\"widget\" data-settings=\"{&quot;_animation&quot;:&quot;fadeIn&quot;}\" data-widget_type=\"heading.default\">\n\t\t\t\t<div class=\"elementor-widget-container\">\n\t\t\t\t\t<h2 class=\"elementor-heading-title elementor-size-default\">Pol\u00edtica de privacidad<\/h2>\t\t\t\t<\/div>\n\t\t\t\t<\/div>\n\t\t\t\t<div class=\"elementor-element elementor-element-69e8168 animated-slow jltma-glass-effect-no elementor-invisible elementor-widget elementor-widget-image\" data-id=\"69e8168\" data-element_type=\"widget\" data-e-type=\"widget\" data-settings=\"{&quot;motion_fx_motion_fx_mouse&quot;:&quot;yes&quot;,&quot;motion_fx_mouseTrack_effect&quot;:&quot;yes&quot;,&quot;motion_fx_mouseTrack_speed&quot;:{&quot;unit&quot;:&quot;px&quot;,&quot;size&quot;:0.1,&quot;sizes&quot;:[]},&quot;_animation&quot;:&quot;fadeIn&quot;}\" data-widget_type=\"image.default\">\n\t\t\t\t<div class=\"elementor-widget-container\">\n\t\t\t\t\t\t\t\t\t\t\t\t\t\t\t<img decoding=\"async\" width=\"200\" height=\"200\" src=\"https:\/\/dinnersmate.com\/wp-content\/uploads\/2024\/10\/54414-200.png\" class=\"attachment-full size-full wp-image-478\" alt=\"\" srcset=\"https:\/\/dinnersmate.com\/wp-content\/uploads\/2024\/10\/54414-200.png 200w, https:\/\/dinnersmate.com\/wp-content\/uploads\/2024\/10\/54414-200-150x150.png 150w, https:\/\/dinnersmate.com\/wp-content\/uploads\/2024\/10\/54414-200-75x75.png 75w\" sizes=\"(max-width:767px) 200px, 200px\" \/>\t\t\t\t\t\t\t\t\t\t\t\t\t\t\t<\/div>\n\t\t\t\t<\/div>\n\t\t\t\t\t<\/div>\n\t\t\t\t<\/div>\n\t\t<div class=\"elementor-element elementor-element-4e2c3dc e-flex e-con-boxed jltma-glass-effect-no e-con e-parent\" data-id=\"4e2c3dc\" data-element_type=\"container\" data-e-type=\"container\" id=\"sobre\" data-settings=\"{&quot;background_background&quot;:&quot;classic&quot;}\">\n\t\t\t\t\t<div class=\"e-con-inner\">\n\t\t\t\t<div class=\"elementor-element elementor-element-03fd122 elementor-widget-mobile__width-inherit jltma-glass-effect-no elementor-invisible elementor-widget elementor-widget-text-editor\" data-id=\"03fd122\" data-element_type=\"widget\" data-e-type=\"widget\" data-settings=\"{&quot;_animation&quot;:&quot;fadeIn&quot;}\" data-widget_type=\"text-editor.default\">\n\t\t\t\t<div class=\"elementor-widget-container\">\n\t\t\t\t\t\t\t\t\t<p><strong>En DinnersMate, nos comprometemos a proteger la privacidad y seguridad de los datos de nuestros usuarios. Esta Pol\u00edtica de Privacidad explica detalladamente c\u00f3mo recopilamos, utilizamos y protegemos tu informaci\u00f3n personal, con el objetivo de proporcionarte una experiencia segura y transparente. <\/strong><\/p><p> <\/p><ul><li>Informaci\u00f3n que recogemos<\/li><\/ul><p>Recogemos informaci\u00f3n proporcionada directamente por los usuarios al registrarse o actualizar su perfil, como nombre, direcci\u00f3n de correo electr\u00f3nico, preferencias y, opcionalmente, fotograf\u00edas. Tambi\u00e9n recogemos datos t\u00e9cnicos autom\u00e1ticamente, como la direcci\u00f3n IP, datos aproximados de geolocalizaci\u00f3n y patrones de navegaci\u00f3n, para mejorar la experiencia en el sitio. <\/p><ul><li>C\u00f3mo utilizamos la informaci\u00f3n<\/li><\/ul><p>La finalidad de la informaci\u00f3n recogida es personalizar la experiencia del usuario, optimizar las combinaciones de eventos e informar sobre futuras actualizaciones o notificaciones relevantes. Los datos se tratan de forma confidencial y se utilizan para mejorar nuestros servicios y proporcionar una experiencia adaptada al perfil de cada usuario. <\/p><ul><li>Compartir informaci\u00f3n con terceros<\/li><\/ul><p>Los datos personales de nuestros usuarios est\u00e1n protegidos y s\u00f3lo se comparten con socios de confianza cuando es estrictamente necesario para el funcionamiento de nuestros servicios (por ejemplo, socios de reservas). Nunca vendemos ni compartimos datos con fines publicitarios de terceros. <\/p><ul><li>Seguridad de los datos<\/li><\/ul><p>Aplicamos protocolos estrictos de seguridad y encriptaci\u00f3n para proteger la informaci\u00f3n de los usuarios contra el acceso, la divulgaci\u00f3n o la alteraci\u00f3n no autorizados. Utilizamos tecnolog\u00edas y pr\u00e1cticas recomendadas para garantizar la protecci\u00f3n de tus datos. <\/p><ul><li>Derechos de los usuarios<\/li><\/ul><p>Los usuarios tienen derecho a acceder, rectificar o solicitar la supresi\u00f3n de sus datos personales. Estos derechos pueden ejercerse en cualquier momento a trav\u00e9s de nuestros canales de contacto. Adem\u00e1s, ofrecemos la posibilidad de limitar el uso de tus datos para determinados fines.  <\/p><ul><li>Actualizaciones de la Pol\u00edtica de Privacidad<\/li><\/ul><p>Podemos actualizar esta Pol\u00edtica de Privacidad de vez en cuando. Cualquier cambio significativo ser\u00e1 comunicado a los usuarios para que est\u00e9n siempre informados sobre la gesti\u00f3n de su informaci\u00f3n. <\/p>\t\t\t\t\t\t\t\t<\/div>\n\t\t\t\t<\/div>\n\t\t\t\t\t<\/div>\n\t\t\t\t<\/div>\n\t\t\t\t<\/div>\n\t\t","protected":false},"excerpt":{"rendered":"<p>En DinnersMate, nos comprometemos a proteger la privacidad y seguridad de los datos de nuestros usuarios. Esta Pol\u00edtica de Privacidad explica detalladamente c\u00f3mo recopilamos, utilizamos y<span class=\"excerpt-hellip\"> [\u2026]<\/span><\/p>\n","protected":false},"author":1,"featured_media":0,"parent":0,"menu_order":0,"comment_status":"open","ping_status":"closed","template":"","meta":{"footnotes":""},"class_list":["post-1269","page","type-page","status-publish","hentry"],"_links":{"self":[{"href":"https:\/\/dinnersmate.com\/es\/wp-json\/wp\/v2\/pages\/1269","targetHints":{"allow":["GET"]}}],"collection":[{"href":"https:\/\/dinnersmate.com\/es\/wp-json\/wp\/v2\/pages"}],"about":[{"href":"https:\/\/dinnersmate.com\/es\/wp-json\/wp\/v2\/types\/page"}],"author":[{"embeddable":true,"href":"https:\/\/dinnersmate.com\/es\/wp-json\/wp\/v2\/users\/1"}],"replies":[{"embeddable":true,"href":"https:\/\/dinnersmate.com\/es\/wp-json\/wp\/v2\/comments?post=1269"}],"version-history":[{"count":1,"href":"https:\/\/dinnersmate.com\/es\/wp-json\/wp\/v2\/pages\/1269\/revisions"}],"predecessor-version":[{"id":1270,"href":"https:\/\/dinnersmate.com\/es\/wp-json\/wp\/v2\/pages\/1269\/revisions\/1270"}],"wp:attachment":[{"href":"https:\/\/dinnersmate.com\/es\/wp-json\/wp\/v2\/media?parent=1269"}],"curies":[{"name":"wp","href":"https:\/\/api.w.org\/{rel}","templated":true}]}}